{"id":6419,"date":"2025-02-17T10:23:48","date_gmt":"2025-02-17T10:23:48","guid":{"rendered":"https:\/\/thaishop24.com\/?post_type=product&#038;p=6419"},"modified":"2025-02-17T10:44:32","modified_gmt":"2025-02-17T10:44:32","slug":"anwendungsbeispiele","status":"publish","type":"product","link":"https:\/\/thaishop24.com\/?product=anwendungsbeispiele","title":{"rendered":"Jade Roller &#038; Gua Sha Set"},"content":{"rendered":"<p data-start=\"178\" data-end=\"608\">Die regelm\u00e4\u00dfige Anwendung kann das Hautbild verbessern, Verspannungen l\u00f6sen und die Aufnahme von Pflegeprodukten unterst\u00fctzen.<\/p>\n<p data-start=\"610\" data-end=\"1088\"><strong data-start=\"610\" data-end=\"628\">Eigenschaften:<\/strong><br data-start=\"628\" data-end=\"631\" \/>\u2714 <strong data-start=\"633\" data-end=\"667\">Gesichtsstraffung &amp; Anti-Aging<\/strong> \u2013 Unterst\u00fctzt die Hautelastizit\u00e4t und kann feine Linien reduzieren<br data-start=\"734\" data-end=\"737\" \/>\u2714 <strong data-start=\"739\" data-end=\"778\">Reduziert Schwellungen &amp; Augenringe<\/strong> \u2013 F\u00f6rdert die Durchblutung und reduziert Wassereinlagerungen<br data-start=\"839\" data-end=\"842\" \/>\u2714 <strong data-start=\"844\" data-end=\"872\">Angenehme Massagewirkung<\/strong> \u2013 Perfekt f\u00fcr Gesicht, Hals und Dekollet\u00e9<br data-start=\"914\" data-end=\"917\" \/>\u2714 <strong data-start=\"919\" data-end=\"950\">F\u00fcr alle Hauttypen geeignet<\/strong> \u2013 Sanft zur Haut und einfach in die Pflegeroutine integrierbar<br data-start=\"1013\" data-end=\"1016\" \/>\u2714 <strong data-start=\"1018\" data-end=\"1042\">Nat\u00fcrliches Material<\/strong> \u2013 Hergestellt aus hochwertiger, echter Jade<\/p>\n<p data-start=\"1090\" data-end=\"1106\"><strong data-start=\"1090\" data-end=\"1104\">Anwendung:<\/strong><\/p>\n<ul data-start=\"1107\" data-end=\"1348\">\n<li data-start=\"1107\" data-end=\"1186\">Verwende den <strong data-start=\"1122\" data-end=\"1137\">Jade Roller<\/strong> f\u00fcr eine sanfte Massage im Gesicht und am Hals<\/li>\n<li data-start=\"1187\" data-end=\"1277\">Der <strong data-start=\"1193\" data-end=\"1210\">Gua Sha Stein<\/strong> eignet sich besonders zur intensiveren Massage und Lymphdrainage<\/li>\n<li data-start=\"1278\" data-end=\"1348\">Ideal f\u00fcr den <strong data-start=\"1294\" data-end=\"1346\">Heimgebrauch oder professionelle Kosmetikstudios<\/strong><\/li>\n<\/ul>\n","protected":false},"excerpt":{"rendered":"<p>Unser <strong data-start=\"211\" data-end=\"240\">Jade Roller &amp; Gua Sha Set<\/strong> ist das ideale Werkzeug f\u00fcr eine entspannende Gesichtsmassage und eine straffere, revitalisierte Haut. Hergestellt aus <strong data-start=\"360\" data-end=\"386\">100 % nat\u00fcrlicher Jade<\/strong>, f\u00f6rdert es die Durchblutung, reduziert Schwellungen und sorgt f\u00fcr ein erfrischtes Hautbild.<\/p>\n","protected":false},"featured_media":6421,"template":"","meta":[],"product_cat":[62,67],"product_tag":[74],"class_list":{"0":"post-6419","1":"product","2":"type-product","3":"status-publish","4":"has-post-thumbnail","6":"product_cat-beauty-kosmetik","7":"product_cat-shop","8":"product_tag-jade","10":"first","11":"instock","12":"shipping-taxable","13":"purchasable","14":"product-type-simple"},"_links":{"self":[{"href":"https:\/\/thaishop24.com\/index.php?rest_route=\/wp\/v2\/product\/6419","targetHints":{"allow":["GET"]}}],"collection":[{"href":"https:\/\/thaishop24.com\/index.php?rest_route=\/wp\/v2\/product"}],"about":[{"href":"https:\/\/thaishop24.com\/index.php?rest_route=\/wp\/v2\/types\/product"}],"wp:featuredmedia":[{"embeddable":true,"href":"https:\/\/thaishop24.com\/index.php?rest_route=\/wp\/v2\/media\/6421"}],"wp:attachment":[{"href":"https:\/\/thaishop24.com\/index.php?rest_route=%2Fwp%2Fv2%2Fmedia&parent=6419"}],"wp:term":[{"taxonomy":"product_cat","embeddable":true,"href":"https:\/\/thaishop24.com\/index.php?rest_route=%2Fwp%2Fv2%2Fproduct_cat&post=6419"},{"taxonomy":"product_tag","embeddable":true,"href":"https:\/\/thaishop24.com\/index.php?rest_route=%2Fwp%2Fv2%2Fproduct_tag&post=6419"}],"curies":[{"name":"wp","href":"https:\/\/api.w.org\/{rel}","templated":true}]}}