{"id":6342,"date":"2025-02-03T10:49:19","date_gmt":"2025-02-03T10:49:19","guid":{"rendered":"https:\/\/thaishop24.com\/?page_id=6342"},"modified":"2025-02-03T10:49:21","modified_gmt":"2025-02-03T10:49:21","slug":"zahlungsmethoden","status":"publish","type":"page","link":"https:\/\/thaishop24.com\/?page_id=6342","title":{"rendered":"Zahlungsmethoden"},"content":{"rendered":"\n<p><\/p>\n\n\n\n<h3 class=\"wp-block-heading\"><strong>1. Kreditkarte<\/strong><\/h3>\n\n\n\n<p>Wir akzeptieren die g\u00e4ngigen Kreditkarten:<\/p>\n\n\n\n<ul class=\"wp-block-list\">\n<li><strong>Visa<\/strong><\/li>\n\n\n\n<li><strong>Mastercard<\/strong><\/li>\n\n\n\n<li><strong>American Express<\/strong><\/li>\n<\/ul>\n\n\n\n<p>Deine Kreditkartenzahlung wird durch ein sicheres Zahlungssystem gesch\u00fctzt. Die Abbuchung erfolgt erst nach Versand der Bestellung.<\/p>\n\n\n\n<h3 class=\"wp-block-heading\"><strong>2. PayPal<\/strong><\/h3>\n\n\n\n<p>Mit PayPal kannst du einfach, schnell und sicher bezahlen. Nach Auswahl dieser Zahlungsart wirst du automatisch zu PayPal weitergeleitet. Dort kannst du mit deinem PayPal-Guthaben oder hinterlegten Zahlungsmethoden bezahlen.<\/p>\n\n\n\n<h3 class=\"wp-block-heading\"><strong>3. Vorkasse (Bank\u00fcberweisung)<\/strong><\/h3>\n\n\n\n<p>Du kannst den Rechnungsbetrag bequem per Bank\u00fcberweisung bezahlen. Nach Abschluss der Bestellung erh\u00e4ltst du unsere Bankverbindung. Die Ware wird versandt, sobald die Zahlung auf unserem Konto eingegangen ist. Bitte beachte, dass dies je nach Bank <strong>1\u20133 Werktage<\/strong> dauern kann.<\/p>\n\n\n\n<h3 class=\"wp-block-heading\"><strong>4. Klarna (Kauf auf Rechnung &amp; Ratenkauf)<\/strong><\/h3>\n\n\n\n<p>Mit Klarna kannst du erst bestellen und sp\u00e4ter bezahlen. Je nach gew\u00e4hlter Option kannst du den Betrag in 14 Tagen begleichen oder in flexiblen Raten zahlen. Die Abwicklung erfolgt \u00fcber Klarna.<\/p>\n\n\n\n<h3 class=\"wp-block-heading\"><strong>5. Apple Pay &amp; Google Pay<\/strong><\/h3>\n\n\n\n<p>Mit Apple Pay und Google Pay kannst du schnell und sicher mit deinem Smartphone oder Tablet bezahlen. Diese Option ist verf\u00fcgbar, wenn dein Ger\u00e4t Apple Pay oder Google Pay unterst\u00fctzt.<\/p>\n","protected":false},"excerpt":{"rendered":"<p>1. Kreditkarte Wir akzeptieren die g\u00e4ngigen Kreditkarten: Deine Kreditkartenzahlung wird durch ein sicheres Zahlungssystem gesch\u00fctzt. Die Abbuchung erfolgt erst nach Versand der Bestellung. 2. PayPal Mit PayPal kannst du einfach, schnell und sicher bezahlen. Nach Auswahl dieser Zahlungsart wirst du automatisch zu PayPal weitergeleitet. Dort kannst du mit deinem PayPal-Guthaben oder hinterlegten Zahlungsmethoden bezahlen. 3. [&hellip;]<\/p>\n","protected":false},"author":1,"featured_media":0,"parent":0,"menu_order":0,"comment_status":"closed","ping_status":"closed","template":"","meta":{"footnotes":""},"class_list":["post-6342","page","type-page","status-publish","hentry"],"_links":{"self":[{"href":"https:\/\/thaishop24.com\/index.php?rest_route=\/wp\/v2\/pages\/6342","targetHints":{"allow":["GET"]}}],"collection":[{"href":"https:\/\/thaishop24.com\/index.php?rest_route=\/wp\/v2\/pages"}],"about":[{"href":"https:\/\/thaishop24.com\/index.php?rest_route=\/wp\/v2\/types\/page"}],"author":[{"embeddable":true,"href":"https:\/\/thaishop24.com\/index.php?rest_route=\/wp\/v2\/users\/1"}],"replies":[{"embeddable":true,"href":"https:\/\/thaishop24.com\/index.php?rest_route=%2Fwp%2Fv2%2Fcomments&post=6342"}],"version-history":[{"count":1,"href":"https:\/\/thaishop24.com\/index.php?rest_route=\/wp\/v2\/pages\/6342\/revisions"}],"predecessor-version":[{"id":6343,"href":"https:\/\/thaishop24.com\/index.php?rest_route=\/wp\/v2\/pages\/6342\/revisions\/6343"}],"wp:attachment":[{"href":"https:\/\/thaishop24.com\/index.php?rest_route=%2Fwp%2Fv2%2Fmedia&parent=6342"}],"curies":[{"name":"wp","href":"https:\/\/api.w.org\/{rel}","templated":true}]}}