{"id":6324,"date":"2025-02-03T10:24:36","date_gmt":"2025-02-03T10:24:36","guid":{"rendered":"https:\/\/thaishop24.com\/?page_id=6324"},"modified":"2025-02-17T09:28:35","modified_gmt":"2025-02-17T09:28:35","slug":"impressum","status":"publish","type":"page","link":"https:\/\/thaishop24.com\/?page_id=6324","title":{"rendered":"Impressum"},"content":{"rendered":"\n<p><strong>Angaben gem\u00e4\u00df \u00a7 5 TMG \/ \u00a7 14 UGB \/ \u00a7 25 MedienG<\/strong><\/p>\n\n\n\n<p><strong>Stefan Steinlechner \u2013 Einzelunternehmen<\/strong><br>Riedweg 44<br>6112 Wattens<br>\u00d6sterreich<\/p>\n\n\n\n<p><strong>Kontakt:<\/strong><br>E-Mail: <strong><a>info@thaishop24.com<\/a><\/strong><\/p>\n\n\n\n<p><strong>Umsatzsteuer-Identifikationsnummer (UID):<\/strong> ATU73663948<\/p>\n\n\n\n<p><strong>Gewerbeberechtigung:<\/strong><br>GISA-Zahl: <strong>31035125<\/strong><\/p>\n\n\n\n<h4 class=\"wp-block-heading\"><strong>Online-Streitbeilegung (OS-Plattform):<\/strong><\/h4>\n\n\n\n<p>Die Europ\u00e4ische Kommission stellt eine Plattform zur Online-Streitbeilegung (OS) bereit:<br><a href=\"https:\/\/ec.europa.eu\/consumers\/odr\/\">https:\/\/ec.europa.eu\/consumers\/odr\/<\/a><br>Verbraucher haben au\u00dferdem die M\u00f6glichkeit, sich an die \u00f6sterreichische Schlichtungsstelle zu wenden:<br><a href=\"https:\/\/www.ombudsstelle.at\">https:\/\/www.ombudsstelle.at<\/a><br>Unsere E-Mail-Adresse finden Sie oben im Impressum.<\/p>\n\n\n\n<hr class=\"wp-block-separator has-alpha-channel-opacity\"\/>\n\n\n\n<h4 class=\"wp-block-heading\"><strong>Haftung f\u00fcr Inhalte<\/strong><\/h4>\n\n\n\n<p>Als Diensteanbieter sind wir gem\u00e4\u00df <strong>\u00a7 7 Abs.1 TMG<\/strong> f\u00fcr eigene Inhalte auf diesen Seiten nach den allgemeinen Gesetzen verantwortlich. Nach <strong>\u00a7\u00a7 8 bis 10 TMG<\/strong> sind wir als Diensteanbieter jedoch nicht verpflichtet, \u00fcbermittelte oder gespeicherte fremde Informationen zu \u00fcberwachen oder nach Umst\u00e4nden zu forschen, die auf eine rechtswidrige T\u00e4tigkeit hinweisen. Verpflichtungen zur Entfernung oder Sperrung der Nutzung von Informationen nach den allgemeinen Gesetzen bleiben hiervon unber\u00fchrt. Eine diesbez\u00fcgliche Haftung ist jedoch erst ab dem Zeitpunkt der Kenntnis einer konkreten Rechtsverletzung m\u00f6glich. Bei Bekanntwerden entsprechender Rechtsverletzungen werden wir diese Inhalte umgehend entfernen.<\/p>\n\n\n\n<h4 class=\"wp-block-heading\"><strong>Haftung f\u00fcr Links<\/strong><\/h4>\n\n\n\n<p>Unser Angebot enth\u00e4lt Links zu externen Webseiten Dritter, auf deren Inhalte wir keinen Einfluss haben. Deshalb k\u00f6nnen wir f\u00fcr diese fremden Inhalte auch keine Gew\u00e4hr \u00fcbernehmen. F\u00fcr die Inhalte der verlinkten Seiten ist stets der jeweilige Anbieter oder Betreiber der Seiten verantwortlich. Die verlinkten Seiten wurden zum Zeitpunkt der Verlinkung auf m\u00f6gliche Rechtsverst\u00f6\u00dfe \u00fcberpr\u00fcft. Rechtswidrige Inhalte waren zum Zeitpunkt der Verlinkung nicht erkennbar. Eine permanente inhaltliche Kontrolle der verlinkten Seiten ist jedoch ohne konkrete Anhaltspunkte einer Rechtsverletzung nicht zumutbar. Bei Bekanntwerden von Rechtsverletzungen werden wir derartige Links umgehend entfernen.<\/p>\n\n\n\n<h4 class=\"wp-block-heading\"><strong>Urheberrecht<\/strong><\/h4>\n\n\n\n<p>Die durch die Seitenbetreiber erstellten Inhalte und Werke auf diesen Seiten unterliegen dem <strong>\u00f6sterreichischen Urheberrecht<\/strong>. Die Vervielf\u00e4ltigung, Bearbeitung, Verbreitung und jede Art der Verwertung au\u00dferhalb der Grenzen des Urheberrechtes bed\u00fcrfen der schriftlichen Zustimmung des jeweiligen Autors bzw. Erstellers. Downloads und Kopien dieser Seite sind nur f\u00fcr den <strong>privaten, nicht kommerziellen Gebrauch<\/strong> gestattet. Soweit die Inhalte auf dieser Seite nicht vom Betreiber erstellt wurden, werden die Urheberrechte Dritter beachtet und entsprechend gekennzeichnet. Sollten Sie trotzdem auf eine Urheberrechtsverletzung aufmerksam werden, bitten wir um einen entsprechenden Hinweis. Wir werden derartige Inhalte umgehend entfernen.<\/p>\n","protected":false},"excerpt":{"rendered":"<p>Angaben gem\u00e4\u00df \u00a7 5 TMG \/ \u00a7 14 UGB \/ \u00a7 25 MedienG Stefan Steinlechner \u2013 EinzelunternehmenRiedweg 446112 Wattens\u00d6sterreich Kontakt:E-Mail: info@thaishop24.com Umsatzsteuer-Identifikationsnummer (UID): ATU73663948 Gewerbeberechtigung:GISA-Zahl: 31035125 Online-Streitbeilegung (OS-Plattform): Die Europ\u00e4ische Kommission stellt eine Plattform zur Online-Streitbeilegung (OS) bereit:https:\/\/ec.europa.eu\/consumers\/odr\/Verbraucher haben au\u00dferdem die M\u00f6glichkeit, sich an die \u00f6sterreichische Schlichtungsstelle zu wenden:https:\/\/www.ombudsstelle.atUnsere E-Mail-Adresse finden Sie oben im Impressum. [&hellip;]<\/p>\n","protected":false},"author":1,"featured_media":0,"parent":0,"menu_order":0,"comment_status":"closed","ping_status":"closed","template":"","meta":{"footnotes":""},"class_list":["post-6324","page","type-page","status-publish","hentry"],"_links":{"self":[{"href":"https:\/\/thaishop24.com\/index.php?rest_route=\/wp\/v2\/pages\/6324","targetHints":{"allow":["GET"]}}],"collection":[{"href":"https:\/\/thaishop24.com\/index.php?rest_route=\/wp\/v2\/pages"}],"about":[{"href":"https:\/\/thaishop24.com\/index.php?rest_route=\/wp\/v2\/types\/page"}],"author":[{"embeddable":true,"href":"https:\/\/thaishop24.com\/index.php?rest_route=\/wp\/v2\/users\/1"}],"replies":[{"embeddable":true,"href":"https:\/\/thaishop24.com\/index.php?rest_route=%2Fwp%2Fv2%2Fcomments&post=6324"}],"version-history":[{"count":2,"href":"https:\/\/thaishop24.com\/index.php?rest_route=\/wp\/v2\/pages\/6324\/revisions"}],"predecessor-version":[{"id":6415,"href":"https:\/\/thaishop24.com\/index.php?rest_route=\/wp\/v2\/pages\/6324\/revisions\/6415"}],"wp:attachment":[{"href":"https:\/\/thaishop24.com\/index.php?rest_route=%2Fwp%2Fv2%2Fmedia&parent=6324"}],"curies":[{"name":"wp","href":"https:\/\/api.w.org\/{rel}","templated":true}]}}